{"id":19,"date":"2025-10-09T08:23:31","date_gmt":"2025-10-09T08:23:31","guid":{"rendered":"https:\/\/avogtil.no\/lokalt\/?page_id=19"},"modified":"2026-03-18T11:09:11","modified_gmt":"2026-03-18T10:09:11","slug":"fa-ekstra-ressurser-til-forebygging-i-din-kommune","status":"publish","type":"page","link":"https:\/\/avogtil.no\/lokalt\/","title":{"rendered":"F\u00e5 ekstra ressurser til \nforebygging i din kommune"},"content":{"rendered":"\t\n\n<div class=\"wp-block-columns alignwide are-vertically-aligned-center navigation-header is-layout-flex wp-container-core-columns-is-layout-28f84493 wp-block-columns-is-layout-flex\">\n\t\n\t<div class=\"wp-block-column is-vertically-aligned-center is-layout-flow wp-block-column-is-layout-flow\">\n\t\t<div class=\"yoast-breadcrumbs\"><span><span><a href=\"https:\/\/avogtil.no\/lokalt\/\">Hjem<\/a><\/span><\/span><\/div>\n\t<\/div>\n\t\n\t\n\t<div class=\"wp-block-column is-vertically-aligned-center is-layout-flow wp-block-column-is-layout-flow\">\n\t\t\n\t\t<div class=\"wp-block-group is-content-justification-right is-nowrap is-layout-flex wp-container-core-group-is-layout-17124a9a wp-block-group-is-layout-flex\">\n\t\t\t<div data-block-name=\"woocommerce\/customer-account\" data-icon-class=\"wc-block-customer-account__account-icon\" data-icon-style=\"line\" class='wp-block-woocommerce-customer-account ' style=''>\n\t\t\t<a  href='https:\/\/avogtil.no\/lokalt\/min-side\/'>\n\t\t\t\t<svg class=\"wc-block-customer-account__account-icon\" viewBox=\"1 1 29 29\" xmlns=\"http:\/\/www.w3.org\/2000\/svg\">\n\t\t\t\t<circle cx=\"16\" cy=\"10.5\" r=\"3.5\" stroke=\"currentColor\" stroke-width=\"2\" fill=\"none\" \/>\n\t\t\t\t<path fill-rule=\"evenodd\" clip-rule=\"evenodd\" d=\"M11.5 18.5H20.5C21.8807 18.5 23 19.6193 23 21V25.5H25V21C25 18.5147 22.9853 16.5 20.5 16.5H11.5C9.01472 16.5 7 18.5147 7 21V25.5H9V21C9 19.6193 10.1193 18.5 11.5 18.5Z\" fill=\"currentColor\" \/>\n\t\t\t<\/svg><span class=\"label\">Logg inn<\/span>\n\t\t\t<\/a>\n\t\t<\/div>\n\t\t\t<div data-block-name=\"woocommerce\/cart-link\" data-cart-icon=\"bag\" class=\"wp-block-woocommerce-cart-link\"><a class=\"wc-block-cart-link\" href=\"https:\/\/avogtil.no\/lokalt\/handlekurv\/\"><svg xmlns=\"http:\/\/www.w3.org\/2000\/svg\" fill=\"none\" class=\"wc-block-mini-cart__icon\" viewBox=\"0 0 32 32\"><path fill=\"currentColor\" fill-rule=\"evenodd\" d=\"M12.444 14.222a.89.89 0 0 1 .89.89 2.667 2.667 0 0 0 5.333 0 .889.889 0 1 1 1.777 0 4.444 4.444 0 1 1-8.888 0c0-.492.398-.89.888-.89M11.24 6.683a1 1 0 0 1 .76-.35h8a1 1 0 0 1 .76.35l4 4.666A1 1 0 0 1 24 13H8a1 1 0 0 1-.76-1.65zm1.22 1.65L10.174 11h11.652L19.54 8.333z\" clip-rule=\"evenodd\"\/><path fill=\"currentColor\" fill-rule=\"evenodd\" d=\"M7 12a1 1 0 0 1 1-1h16a1 1 0 0 1 1 1v13.333a1 1 0 0 1-1 1H8a1 1 0 0 1-1-1zm2 1v11.333h14V13z\" clip-rule=\"evenodd\"\/><\/svg><span class=\"wc-block-cart-link__text\">Handlekurv<\/span><\/a><\/div>\n\t\t<\/div>\n\t\t\n\t<\/div>\n\t\n<\/div>\n\n\n\t\n\t<div style=\"--t2-hero-dim:0.5;\" class=\"t2-hero t2-hero-content-position-center-left t2-hero-has-dim-50 alignwide wp-block-t2-hero\">\n\t\t\n\t\t<div class=\"t2-hero__header\"><div class=\"t2-hero__header__content\">\n\n<div class=\"wp-block-group alignwide has-global-padding is-layout-constrained wp-block-group-is-layout-constrained\" style=\"padding-top:var(--wp--preset--spacing--xl);padding-bottom:var(--wp--preset--spacing--xl)\"><h1 style=\"padding-top:0;padding-bottom:0;\" class=\"has-text-align-left alignwide wp-block-post-title\">F\u00e5 ekstra ressurser til \nforebygging i din kommune<\/h1>\n\n\n<p>Av-og-til samarbeider med kommuner over hele landet om lokaltilpasset rusforebygging.  Samarbeidet er gratis for kommunene. Sammen jobber vi for \u00e5 forebygge og redusere alkoholskader, og gj\u00f8re hverdagen tryggere for alle som bor i kommunen.<\/p>\n\n\n\n<div class=\"wp-block-buttons is-content-justification-left is-layout-flex wp-container-core-buttons-is-layout-fc4fd283 wp-block-buttons-is-layout-flex\">\n<div class=\"wp-block-button is-style-fancy has-icon has-icon-login\"><a class=\"wp-block-button__link wp-element-button\" href=\"https:\/\/avogtil.no\/lokalt\/logg-inn\/\"><svg xmlns=\"http:\/\/www.w3.org\/2000\/svg\" viewBox=\"0 0 24 24\" height=\"24\" width=\"24\" class=\"t2-icon t2-icon-login\" aria-hidden=\"true\" focusable=\"false\"><path d=\"M20.9 1.259a1.795 1.795 0 0 1-.16.04c-.091.019-1.24 1.145-4.75 4.653-3.604 3.602-4.643 4.619-4.687 4.588-.993-.7-1.868-1.065-2.92-1.221-.407-.06-1.359-.06-1.766 0-.637.094-1.054.219-1.71.509-1.302.577-2.454 1.709-3.053 2.999a6.29 6.29 0 0 0 0 5.346c.58 1.249 1.724 2.393 2.973 2.973 2.447 1.137 5.271.626 7.137-1.292 1.044-1.073 1.622-2.337 1.759-3.845.136-1.504-.29-2.957-1.263-4.314-.03-.042.313-.408 1.499-1.594l1.538-1.539 1.002.99c1.098 1.086 1.209 1.167 1.728 1.255.225.038.344.038.56-.001.531-.096.599-.148 1.979-1.524 1.279-1.276 1.373-1.388 1.497-1.797.072-.237.072-.733 0-.97-.119-.391-.232-.533-1.217-1.526l-.982-.99.804-.81c.655-.659.812-.839.848-.969.054-.198.054-.242.002-.429a.8.8 0 0 0-.353-.448c-.111-.056-.397-.108-.465-.084m-.969 4.733c.681.684.909.936.909 1.008 0 .073-.272.369-1.109 1.208-.962.965-1.125 1.112-1.23 1.112-.104 0-.246-.126-1.031-.91l-.91-.909 1.21-1.211a50.32 50.32 0 0 1 1.231-1.21c.012 0 .43.41.93.912M8.277 10.821a5.015 5.015 0 0 1 1.883.744c.335.218 1.057.94 1.275 1.275 1.278 1.963 1.013 4.467-.641 6.061-.922.889-2.03 1.339-3.294 1.339a4.733 4.733 0 0 1-4.74-4.74c0-.94.274-1.844.805-2.66.208-.319.935-1.052 1.241-1.252 1.078-.702 2.26-.963 3.471-.767\"\/><\/svg>Logg inn<\/a><\/div>\n\n\n\n<div class=\"wp-block-button is-style-fill\"><a class=\"wp-block-button__link wp-element-button\" href=\"https:\/\/avogtil.no\/lokalt\/bli-en-av-og-til-kommune\/\">Bli en Av-og-til-kommune!<\/a><\/div>\n<\/div>\n<\/div>\n\n<\/div><\/div>\n\t<\/div>\n\n<ul style=\"padding-top:0;padding-bottom:0;padding-left:0;padding-right:0;\" class=\"t2-link-list has-2-items has-auto-columns alignwide is-style-default wp-block-t2-link-list\">\n\t<li class=\"t2-link-list-item wp-block-t2-link-list-item\">\n\t\t<a\n\t\t\thref=\"https:\/\/avogtil.no\/lokalt\/om-kommunesamarbeidet\/\"\n\t\t\tclass=\"t2-link-list-item__link t2-link-list__icon--below\"\n\t\t\t\t\t>\n\t\t\t\t\t\t<div class=\"t2-link-list-item__content\">\n\n\t\t\t\t\n\t\t\t\t<span id=\"link-list-item-text\" class=\"t2-link-list-item__text\">\n\t\t\t\t\tOm kommunesamarbeidet\t\t\t\t<\/span>\n\t\t\t\t<span id=\"link-list-item-description\" class=\"t2-link-list-item__description\">Alkoholforebygging er en viktig kommunal oppgave. Les om hvordan kommunesamarbeidet er organisert og hvilke tilbud kommunene. <\/span><span class=\"t2-link-list-item__icon\" style=\"--t2-link-list-icon-size:24px;\"><span class=\"t2-link-list-item__icon-box\"><\/span><svg xmlns=\"http:\/\/www.w3.org\/2000\/svg\" viewBox=\"0 0 32 22\" height=\"24\" width=\"24\" class=\"t2-icon t2-icon-arrowforward\" aria-hidden=\"true\" focusable=\"false\"><path d=\"M32 11c0-.267-.11-.521-.293-.713L21.808.296a.993.993 0 0 0-1.414 0 1.014 1.014 0 0 0 0 1.427l8.193 8.268H1c-.552 0-1 .452-1 1.01 0 .557.448 1.008 1 1.008h27.586l-8.192 8.269a1.015 1.015 0 0 0 0 1.427.994.994 0 0 0 1.414 0l9.899-9.991c.187-.19.29-.449.293-.714\"\/><\/svg><\/span>\t\t\t<\/div>\n\t\t<\/a>\n\t<\/li>\n\t\n\n\t<li class=\"t2-link-list-item wp-block-t2-link-list-item\">\n\t\t<a\n\t\t\thref=\"https:\/\/avogtil.no\/lokalt\/av-og-til-kommuner\/\"\n\t\t\tclass=\"t2-link-list-item__link t2-link-list__icon--below\"\n\t\t\t\t\t>\n\t\t\t\t\t\t<div class=\"t2-link-list-item__content\">\n\n\t\t\t\t\n\t\t\t\t<span id=\"link-list-item-text-1\" class=\"t2-link-list-item__text\">\n\t\t\t\t\tAv-og-til-kommuner\t\t\t\t<\/span>\n\t\t\t\t<span id=\"link-list-item-description-1\" class=\"t2-link-list-item__description\">69 kommuner er i dag en del av samarbeidet med Av-og-til. Se oversikt over kommunene her.<\/span><span class=\"t2-link-list-item__icon\" style=\"--t2-link-list-icon-size:24px;\"><span class=\"t2-link-list-item__icon-box\"><\/span><svg xmlns=\"http:\/\/www.w3.org\/2000\/svg\" viewBox=\"0 0 32 22\" height=\"24\" width=\"24\" class=\"t2-icon t2-icon-arrowforward\" aria-hidden=\"true\" focusable=\"false\"><path d=\"M32 11c0-.267-.11-.521-.293-.713L21.808.296a.993.993 0 0 0-1.414 0 1.014 1.014 0 0 0 0 1.427l8.193 8.268H1c-.552 0-1 .452-1 1.01 0 .557.448 1.008 1 1.008h27.586l-8.192 8.269a1.015 1.015 0 0 0 0 1.427.994.994 0 0 0 1.414 0l9.899-9.991c.187-.19.29-.449.293-.714\"\/><\/svg><\/span>\t\t\t<\/div>\n\t\t<\/a>\n\t<\/li>\n\t\n<\/ul>\n\n\n<div class=\"wp-block-cover alignfull is-light\" style=\"min-height:430px;aspect-ratio:unset;\"><span aria-hidden=\"true\" class=\"wp-block-cover__background has-light-blue-background-color has-background-dim-100 has-background-dim\"><\/span><div class=\"wp-block-cover__inner-container has-global-padding is-layout-constrained wp-block-cover-is-layout-constrained\">\n<div class=\"wp-block-media-text alignwide has-media-on-the-right is-stacked-on-mobile is-vertically-aligned-center\" style=\"grid-template-columns:auto 35%\"><div class=\"wp-block-media-text__content\">\n<blockquote class=\"wp-block-quote is-layout-flow wp-block-quote-is-layout-flow\">\n<p class=\"has-sm-font-size\">Melhus har v\u00e6rt en Av-og-til-kommune siden 2018, og det er et samarbeid vi setter stor pris p\u00e5.<\/p>\n\n\n\n<p class=\"has-sm-font-size\">Tilgang p\u00e5 oppdatert fagkunnskap om alkohol, kampanjemateriell og ikke minst muligheten til \u00e5 f\u00e5 informasjon og materiell tilpasset og tilrettelagt for akkurat Melhus har v\u00e6rt veldig nyttig.<\/p>\n\n\n\n<p class=\"has-sm-font-size\">At samarbeidet er gratis for kommunen er selvf\u00f8lgelig ogs\u00e5 et stort pluss.<\/p>\n<cite>Marianne Gustavsson,  ruskonsulent i Melhus <a href=\"https:\/\/avogtil.no\/lokalt\/for-kommuner\/\" id=\"https:\/\/avogtil.no\/lokalt\/for-kommuner\/\">kommune<\/a>.<\/cite><\/blockquote>\n<\/div><figure class=\"wp-block-media-text__media\"><img loading=\"lazy\" decoding=\"async\" width=\"1013\" height=\"1013\" src=\"https:\/\/avogtil.no\/content\/uploads\/sites\/2\/2026\/01\/Marianne-Gustavsson_Melhus-kommune-rundt.png\" alt=\"bilde av Marianne Gustavsson fra alkovettkonferansen\" class=\"wp-image-726 size-full\" srcset=\"https:\/\/avogtil.no\/content\/uploads\/sites\/2\/2026\/01\/Marianne-Gustavsson_Melhus-kommune-rundt.png 1013w, https:\/\/avogtil.no\/content\/uploads\/sites\/2\/2026\/01\/Marianne-Gustavsson_Melhus-kommune-rundt-300x300.png 300w, https:\/\/avogtil.no\/content\/uploads\/sites\/2\/2026\/01\/Marianne-Gustavsson_Melhus-kommune-rundt-150x150.png 150w, https:\/\/avogtil.no\/content\/uploads\/sites\/2\/2026\/01\/Marianne-Gustavsson_Melhus-kommune-rundt-768x768.png 768w, https:\/\/avogtil.no\/content\/uploads\/sites\/2\/2026\/01\/Marianne-Gustavsson_Melhus-kommune-rundt-600x600.png 600w, https:\/\/avogtil.no\/content\/uploads\/sites\/2\/2026\/01\/Marianne-Gustavsson_Melhus-kommune-rundt-100x100.png 100w\" sizes=\"auto, (max-width: 1013px) 100vw, 1013px\" \/><\/figure><\/div>\n<\/div><\/div>\n\n\n\n<h2 class=\"wp-block-heading alignwide\" id=\"h-les-mer\">Les mer <\/h2>\n\n\n<div class=\"t2-featured-content-layout alignwide alignwide wp-block-t2-featured-content-layout\" role=\"list\">\n<div class=\"t2-featured-single-post t2-featured-content is-post-type-page wp-block-t2-featured-single-post\" role=\"listitem\"><a class=\"t2-post-link wp-block-t2-post-link\" href=\"https:\/\/avogtil.no\/lokalt\/baerum-og-tysvaer\/\">\n<figure style=\"--t2-focal-point: 50% 50%;\" class=\"t2-post-featured-image has-image-ratio-3-2 wp-block-t2-post-featured-image\"><img loading=\"lazy\" decoding=\"async\" style=\"--t2-focal-point: 50% 50%;\" width=\"1920\" height=\"1440\" src=\"https:\/\/avogtil.no\/content\/uploads\/sites\/2\/2026\/03\/Stand-for-godt-alkovett-i-Tysvaer.jpg\" class=\"attachment-post-thumbnail size-post-thumbnail wp-post-image\" alt=\"\" srcset=\"https:\/\/avogtil.no\/content\/uploads\/sites\/2\/2026\/03\/Stand-for-godt-alkovett-i-Tysvaer.jpg 1920w, https:\/\/avogtil.no\/content\/uploads\/sites\/2\/2026\/03\/Stand-for-godt-alkovett-i-Tysvaer-300x225.jpg 300w, https:\/\/avogtil.no\/content\/uploads\/sites\/2\/2026\/03\/Stand-for-godt-alkovett-i-Tysvaer-1024x768.jpg 1024w, https:\/\/avogtil.no\/content\/uploads\/sites\/2\/2026\/03\/Stand-for-godt-alkovett-i-Tysvaer-768x576.jpg 768w, https:\/\/avogtil.no\/content\/uploads\/sites\/2\/2026\/03\/Stand-for-godt-alkovett-i-Tysvaer-1536x1152.jpg 1536w, https:\/\/avogtil.no\/content\/uploads\/sites\/2\/2026\/03\/Stand-for-godt-alkovett-i-Tysvaer-600x450.jpg 600w\" sizes=\"auto, (max-width: 1920px) 100vw, 1920px\" \/><\/figure>\n\n<div class=\"wp-block-group alignfull post-details is-layout-flow wp-block-group-is-layout-flow\">\n\t<h2 class=\"t2-post-title wp-block-t2-post-title\">\u2013 Det er lett \u00e5 f\u00e5 ja n\u00e5r vi sp\u00f8r!<\/h2>\n<\/div>\n\n<\/a>\n<\/div>\n\n<div class=\"t2-featured-single-post t2-featured-content is-post-type-page wp-block-t2-featured-single-post\" role=\"listitem\"><a class=\"t2-post-link wp-block-t2-post-link\" href=\"https:\/\/avogtil.no\/lokalt\/alkovettkonferansen-2026\/\">\n<figure style=\"--t2-focal-point: 50% 50%;\" class=\"t2-post-featured-image has-image-ratio-3-2 wp-block-t2-post-featured-image\"><img loading=\"lazy\" decoding=\"async\" style=\"--t2-focal-point: 50% 50%;\" width=\"2048\" height=\"1365\" src=\"https:\/\/avogtil.no\/content\/uploads\/sites\/2\/2026\/03\/2003_0930_ChenMedia_@iamkaichen_AvOgTil-EK2025_Dag1_0030_web.jpg\" class=\"attachment-post-thumbnail size-post-thumbnail wp-post-image\" alt=\"\" srcset=\"https:\/\/avogtil.no\/content\/uploads\/sites\/2\/2026\/03\/2003_0930_ChenMedia_@iamkaichen_AvOgTil-EK2025_Dag1_0030_web.jpg 2048w, https:\/\/avogtil.no\/content\/uploads\/sites\/2\/2026\/03\/2003_0930_ChenMedia_@iamkaichen_AvOgTil-EK2025_Dag1_0030_web-300x200.jpg 300w, https:\/\/avogtil.no\/content\/uploads\/sites\/2\/2026\/03\/2003_0930_ChenMedia_@iamkaichen_AvOgTil-EK2025_Dag1_0030_web-1024x683.jpg 1024w, https:\/\/avogtil.no\/content\/uploads\/sites\/2\/2026\/03\/2003_0930_ChenMedia_@iamkaichen_AvOgTil-EK2025_Dag1_0030_web-768x512.jpg 768w, https:\/\/avogtil.no\/content\/uploads\/sites\/2\/2026\/03\/2003_0930_ChenMedia_@iamkaichen_AvOgTil-EK2025_Dag1_0030_web-1536x1024.jpg 1536w, https:\/\/avogtil.no\/content\/uploads\/sites\/2\/2026\/03\/2003_0930_ChenMedia_@iamkaichen_AvOgTil-EK2025_Dag1_0030_web-600x400.jpg 600w\" sizes=\"auto, (max-width: 2048px) 100vw, 2048px\" \/><\/figure>\n\n<div class=\"wp-block-group alignfull post-details is-layout-flow wp-block-group-is-layout-flow\">\n\t<h2 class=\"t2-post-title wp-block-t2-post-title\">Alkovettkonferansen 2026<\/h2>\n<\/div>\n\n<\/a>\n<\/div>\n\n<div class=\"t2-featured-single-post t2-featured-content is-post-type-page wp-block-t2-featured-single-post\" role=\"listitem\"><a class=\"t2-post-link wp-block-t2-post-link\" href=\"https:\/\/avogtil.no\/lokalt\/20-ars-jubileum\/\">\n<figure style=\"--t2-focal-point: 50% 50%;\" class=\"t2-post-featured-image has-image-ratio-3-2 wp-block-t2-post-featured-image\"><img loading=\"lazy\" decoding=\"async\" style=\"--t2-focal-point: 50% 50%;\" width=\"1620\" height=\"978\" src=\"https:\/\/avogtil.no\/content\/uploads\/sites\/2\/2026\/02\/energikonferanse-21.jpg\" class=\"attachment-post-thumbnail size-post-thumbnail wp-post-image\" alt=\"\" srcset=\"https:\/\/avogtil.no\/content\/uploads\/sites\/2\/2026\/02\/energikonferanse-21.jpg 1620w, https:\/\/avogtil.no\/content\/uploads\/sites\/2\/2026\/02\/energikonferanse-21-300x181.jpg 300w, https:\/\/avogtil.no\/content\/uploads\/sites\/2\/2026\/02\/energikonferanse-21-1024x618.jpg 1024w, https:\/\/avogtil.no\/content\/uploads\/sites\/2\/2026\/02\/energikonferanse-21-768x464.jpg 768w, https:\/\/avogtil.no\/content\/uploads\/sites\/2\/2026\/02\/energikonferanse-21-1536x927.jpg 1536w, https:\/\/avogtil.no\/content\/uploads\/sites\/2\/2026\/02\/energikonferanse-21-600x362.jpg 600w\" sizes=\"auto, (max-width: 1620px) 100vw, 1620px\" \/><\/figure>\n\n<div class=\"wp-block-group alignfull post-details is-layout-flow wp-block-group-is-layout-flow\">\n\t<h2 class=\"t2-post-title wp-block-t2-post-title\">20 \u00e5r med alkovett i lokalsamfunnet<\/h2>\n<\/div>\n\n<\/a>\n<\/div>\n<\/div>","protected":false},"excerpt":{"rendered":"<p>Hjem Logg inn Handlekurv Les mer<\/p>\n","protected":false},"author":1,"featured_media":553,"parent":0,"menu_order":0,"comment_status":"closed","ping_status":"closed","template":"","meta":{"_acf_changed":false,"t2_hide_was_this_helpful":true,"page_is_public":true,"footnotes":""},"class_list":["post-19","page","type-page","status-publish","has-post-thumbnail","hentry"],"acf":[],"yoast_head":"<!-- This site is optimized with the Yoast SEO Premium plugin v26.9 (Yoast SEO v26.9) - https:\/\/yoast.com\/product\/yoast-seo-premium-wordpress\/ -->\n<title>F\u00e5 ekstra ressurser til forebygging i din kommune - Av-og-til lokalt<\/title>\n<meta name=\"description\" content=\"Av-og-til samarbeider med kommuner over hele landet om lokaltilpasset rusforebygging. Er dine kommune en Av-og-til kommune?\" \/>\n<meta name=\"robots\" content=\"index, follow, max-snippet:-1, max-image-preview:large, max-video-preview:-1\" \/>\n<link rel=\"canonical\" href=\"https:\/\/avogtil.no\/lokalt\/\" \/>\n<meta property=\"og:locale\" content=\"nb_NO\" \/>\n<meta property=\"og:type\" content=\"article\" \/>\n<meta property=\"og:title\" content=\"F\u00e5 ekstra ressurser til forebygging i din kommune\" \/>\n<meta property=\"og:description\" content=\"Av-og-til samarbeider med kommuner over hele landet om lokaltilpasset rusforebygging. Er dine kommune en Av-og-til kommune?\" \/>\n<meta property=\"og:url\" content=\"https:\/\/avogtil.no\/lokalt\/\" \/>\n<meta property=\"og:site_name\" content=\"Av-og-til lokalt\" \/>\n<meta property=\"article:modified_time\" content=\"2026-03-18T10:09:11+00:00\" \/>\n<meta property=\"og:image\" content=\"https:\/\/avogtil.no\/content\/uploads\/sites\/2\/2025\/10\/2103_1105_ChenMedia_@iamkaichen_AvOgTil-EK2025_Dag2_0221_web.jpg\" \/>\n\t<meta property=\"og:image:width\" content=\"2048\" \/>\n\t<meta property=\"og:image:height\" content=\"1365\" \/>\n\t<meta property=\"og:image:type\" content=\"image\/jpeg\" \/>\n<meta name=\"twitter:card\" content=\"summary_large_image\" \/>\n<meta name=\"twitter:label1\" content=\"Ansl. lesetid\" \/>\n\t<meta name=\"twitter:data1\" content=\"1 minutt\" \/>\n<script type=\"application\/ld+json\" class=\"yoast-schema-graph\">{\"@context\":\"https:\/\/schema.org\",\"@graph\":[{\"@type\":\"WebPage\",\"@id\":\"https:\/\/avogtil.no\/lokalt\/\",\"url\":\"https:\/\/avogtil.no\/lokalt\/\",\"name\":\"F\u00e5 ekstra ressurser til forebygging i din kommune - Av-og-til lokalt\",\"isPartOf\":{\"@id\":\"https:\/\/avogtil.no\/lokalt\/#website\"},\"primaryImageOfPage\":{\"@id\":\"https:\/\/avogtil.no\/lokalt\/#primaryimage\"},\"image\":{\"@id\":\"https:\/\/avogtil.no\/lokalt\/#primaryimage\"},\"thumbnailUrl\":\"https:\/\/avogtil.no\/content\/uploads\/sites\/2\/2025\/10\/2103_1105_ChenMedia_@iamkaichen_AvOgTil-EK2025_Dag2_0221_web.jpg\",\"datePublished\":\"2025-10-09T08:23:31+00:00\",\"dateModified\":\"2026-03-18T10:09:11+00:00\",\"description\":\"Av-og-til samarbeider med kommuner over hele landet om lokaltilpasset rusforebygging. Er dine kommune en Av-og-til kommune?\",\"breadcrumb\":{\"@id\":\"https:\/\/avogtil.no\/lokalt\/#breadcrumb\"},\"inLanguage\":\"nb-NO\",\"potentialAction\":[{\"@type\":\"ReadAction\",\"target\":[\"https:\/\/avogtil.no\/lokalt\/\"]}]},{\"@type\":\"ImageObject\",\"inLanguage\":\"nb-NO\",\"@id\":\"https:\/\/avogtil.no\/lokalt\/#primaryimage\",\"url\":\"https:\/\/avogtil.no\/content\/uploads\/sites\/2\/2025\/10\/2103_1105_ChenMedia_@iamkaichen_AvOgTil-EK2025_Dag2_0221_web.jpg\",\"contentUrl\":\"https:\/\/avogtil.no\/content\/uploads\/sites\/2\/2025\/10\/2103_1105_ChenMedia_@iamkaichen_AvOgTil-EK2025_Dag2_0221_web.jpg\",\"width\":2048,\"height\":1365,\"caption\":\"Photo by Kai Chen \/ Chen Media\"},{\"@type\":\"BreadcrumbList\",\"@id\":\"https:\/\/avogtil.no\/lokalt\/#breadcrumb\",\"itemListElement\":[{\"@type\":\"ListItem\",\"position\":1,\"name\":\"Hjem\",\"item\":\"https:\/\/avogtil.no\/lokalt\/\"},{\"@type\":\"ListItem\",\"position\":2,\"name\":\"F\u00e5 ekstra ressurser til forebygging i din kommune\"}]},{\"@type\":\"WebSite\",\"@id\":\"https:\/\/avogtil.no\/lokalt\/#website\",\"url\":\"https:\/\/avogtil.no\/lokalt\/\",\"name\":\"Avogtil nettbutikk\",\"description\":\"\",\"publisher\":{\"@id\":\"https:\/\/avogtil.no\/lokalt\/#organization\"},\"potentialAction\":[{\"@type\":\"SearchAction\",\"target\":{\"@type\":\"EntryPoint\",\"urlTemplate\":\"https:\/\/avogtil.no\/lokalt\/?s={search_term_string}\"},\"query-input\":{\"@type\":\"PropertyValueSpecification\",\"valueRequired\":true,\"valueName\":\"search_term_string\"}}],\"inLanguage\":\"nb-NO\"},{\"@type\":\"Organization\",\"@id\":\"https:\/\/avogtil.no\/lokalt\/#organization\",\"name\":\"Avogtil nettbutikk\",\"url\":\"https:\/\/avogtil.no\/lokalt\/\",\"logo\":{\"@type\":\"ImageObject\",\"inLanguage\":\"nb-NO\",\"@id\":\"https:\/\/avogtil.no\/lokalt\/#\/schema\/logo\/image\/\",\"url\":\"https:\/\/avogtil.no\/content\/uploads\/sites\/2\/2025\/10\/avogtil-logo.svg\",\"contentUrl\":\"https:\/\/avogtil.no\/content\/uploads\/sites\/2\/2025\/10\/avogtil-logo.svg\",\"caption\":\"Avogtil nettbutikk\"},\"image\":{\"@id\":\"https:\/\/avogtil.no\/lokalt\/#\/schema\/logo\/image\/\"}}]}<\/script>\n<!-- \/ Yoast SEO Premium plugin. -->","yoast_head_json":{"title":"F\u00e5 ekstra ressurser til forebygging i din kommune - Av-og-til lokalt","description":"Av-og-til samarbeider med kommuner over hele landet om lokaltilpasset rusforebygging. Er dine kommune en Av-og-til kommune?","robots":{"index":"index","follow":"follow","max-snippet":"max-snippet:-1","max-image-preview":"max-image-preview:large","max-video-preview":"max-video-preview:-1"},"canonical":"https:\/\/avogtil.no\/lokalt\/","og_locale":"nb_NO","og_type":"article","og_title":"F\u00e5 ekstra ressurser til forebygging i din kommune","og_description":"Av-og-til samarbeider med kommuner over hele landet om lokaltilpasset rusforebygging. Er dine kommune en Av-og-til kommune?","og_url":"https:\/\/avogtil.no\/lokalt\/","og_site_name":"Av-og-til lokalt","article_modified_time":"2026-03-18T10:09:11+00:00","og_image":[{"width":2048,"height":1365,"url":"https:\/\/avogtil.no\/content\/uploads\/sites\/2\/2025\/10\/2103_1105_ChenMedia_@iamkaichen_AvOgTil-EK2025_Dag2_0221_web.jpg","type":"image\/jpeg"}],"twitter_card":"summary_large_image","twitter_misc":{"Ansl. lesetid":"1 minutt"},"schema":{"@context":"https:\/\/schema.org","@graph":[{"@type":"WebPage","@id":"https:\/\/avogtil.no\/lokalt\/","url":"https:\/\/avogtil.no\/lokalt\/","name":"F\u00e5 ekstra ressurser til forebygging i din kommune - Av-og-til lokalt","isPartOf":{"@id":"https:\/\/avogtil.no\/lokalt\/#website"},"primaryImageOfPage":{"@id":"https:\/\/avogtil.no\/lokalt\/#primaryimage"},"image":{"@id":"https:\/\/avogtil.no\/lokalt\/#primaryimage"},"thumbnailUrl":"https:\/\/avogtil.no\/content\/uploads\/sites\/2\/2025\/10\/2103_1105_ChenMedia_@iamkaichen_AvOgTil-EK2025_Dag2_0221_web.jpg","datePublished":"2025-10-09T08:23:31+00:00","dateModified":"2026-03-18T10:09:11+00:00","description":"Av-og-til samarbeider med kommuner over hele landet om lokaltilpasset rusforebygging. Er dine kommune en Av-og-til kommune?","breadcrumb":{"@id":"https:\/\/avogtil.no\/lokalt\/#breadcrumb"},"inLanguage":"nb-NO","potentialAction":[{"@type":"ReadAction","target":["https:\/\/avogtil.no\/lokalt\/"]}]},{"@type":"ImageObject","inLanguage":"nb-NO","@id":"https:\/\/avogtil.no\/lokalt\/#primaryimage","url":"https:\/\/avogtil.no\/content\/uploads\/sites\/2\/2025\/10\/2103_1105_ChenMedia_@iamkaichen_AvOgTil-EK2025_Dag2_0221_web.jpg","contentUrl":"https:\/\/avogtil.no\/content\/uploads\/sites\/2\/2025\/10\/2103_1105_ChenMedia_@iamkaichen_AvOgTil-EK2025_Dag2_0221_web.jpg","width":2048,"height":1365,"caption":"Photo by Kai Chen \/ Chen Media"},{"@type":"BreadcrumbList","@id":"https:\/\/avogtil.no\/lokalt\/#breadcrumb","itemListElement":[{"@type":"ListItem","position":1,"name":"Hjem","item":"https:\/\/avogtil.no\/lokalt\/"},{"@type":"ListItem","position":2,"name":"F\u00e5 ekstra ressurser til forebygging i din kommune"}]},{"@type":"WebSite","@id":"https:\/\/avogtil.no\/lokalt\/#website","url":"https:\/\/avogtil.no\/lokalt\/","name":"Avogtil nettbutikk","description":"","publisher":{"@id":"https:\/\/avogtil.no\/lokalt\/#organization"},"potentialAction":[{"@type":"SearchAction","target":{"@type":"EntryPoint","urlTemplate":"https:\/\/avogtil.no\/lokalt\/?s={search_term_string}"},"query-input":{"@type":"PropertyValueSpecification","valueRequired":true,"valueName":"search_term_string"}}],"inLanguage":"nb-NO"},{"@type":"Organization","@id":"https:\/\/avogtil.no\/lokalt\/#organization","name":"Avogtil nettbutikk","url":"https:\/\/avogtil.no\/lokalt\/","logo":{"@type":"ImageObject","inLanguage":"nb-NO","@id":"https:\/\/avogtil.no\/lokalt\/#\/schema\/logo\/image\/","url":"https:\/\/avogtil.no\/content\/uploads\/sites\/2\/2025\/10\/avogtil-logo.svg","contentUrl":"https:\/\/avogtil.no\/content\/uploads\/sites\/2\/2025\/10\/avogtil-logo.svg","caption":"Avogtil nettbutikk"},"image":{"@id":"https:\/\/avogtil.no\/lokalt\/#\/schema\/logo\/image\/"}}]}},"_links":{"self":[{"href":"https:\/\/avogtil.no\/lokalt\/wp-json\/wp\/v2\/pages\/19","targetHints":{"allow":["GET"]}}],"collection":[{"href":"https:\/\/avogtil.no\/lokalt\/wp-json\/wp\/v2\/pages"}],"about":[{"href":"https:\/\/avogtil.no\/lokalt\/wp-json\/wp\/v2\/types\/page"}],"author":[{"embeddable":true,"href":"https:\/\/avogtil.no\/lokalt\/wp-json\/wp\/v2\/users\/1"}],"replies":[{"embeddable":true,"href":"https:\/\/avogtil.no\/lokalt\/wp-json\/wp\/v2\/comments?post=19"}],"version-history":[{"count":5,"href":"https:\/\/avogtil.no\/lokalt\/wp-json\/wp\/v2\/pages\/19\/revisions"}],"predecessor-version":[{"id":23223,"href":"https:\/\/avogtil.no\/lokalt\/wp-json\/wp\/v2\/pages\/19\/revisions\/23223"}],"wp:featuredmedia":[{"embeddable":true,"href":"https:\/\/avogtil.no\/lokalt\/wp-json\/wp\/v2\/media\/553"}],"wp:attachment":[{"href":"https:\/\/avogtil.no\/lokalt\/wp-json\/wp\/v2\/media?parent=19"}],"curies":[{"name":"wp","href":"https:\/\/api.w.org\/{rel}","templated":true}]}}